{"id":217,"date":"2019-12-20T13:49:55","date_gmt":"2019-12-20T12:49:55","guid":{"rendered":"https:\/\/www.leuering.de\/impressum\/"},"modified":"2020-07-17T11:45:53","modified_gmt":"2020-07-17T09:45:53","slug":"imprint","status":"publish","type":"page","link":"https:\/\/www.leuering.de\/en\/imprint\/","title":{"rendered":"Imprint"},"content":{"rendered":"<div id='av_section_1'  class='avia-section av-1h6zc-70a5ad3a06afed1ee2560eee3083ab7e main_color avia-section-default avia-no-border-styling  avia-builder-el-0  avia-builder-el-no-sibling  avia-bg-style-scroll container_wrap fullsize'  ><div class='container av-section-cont-open' ><main  role=\"main\" itemprop=\"mainContentOfPage\"  class='template-page content  av-content-full alpha units'><div class='post-entry post-entry-type-page post-entry-217'><div class='entry-content-wrapper clearfix'>\n\n<style type=\"text\/css\" data-created_by=\"avia_inline_auto\" id=\"style-css-av-10d9s-de81974f856e4b2f579f1650e7b81ee3\">\n.flex_column.av-10d9s-de81974f856e4b2f579f1650e7b81ee3{\nborder-radius:0px 0px 0px 0px;\npadding:0px 0px 0px 0px;\n}\n<\/style>\n<div  class='flex_column av-10d9s-de81974f856e4b2f579f1650e7b81ee3 av_one_full  avia-builder-el-1  avia-builder-el-no-sibling  first flex_column_div av-zero-column-padding  '     ><p>\n<style type=\"text\/css\" data-created_by=\"avia_inline_auto\" id=\"style-css-av-k7akrjmk-429543e3f1d81f3015d0249b2400ada1\">\n#top .av-special-heading.av-k7akrjmk-429543e3f1d81f3015d0249b2400ada1{\npadding-bottom:10px;\n}\nbody .av-special-heading.av-k7akrjmk-429543e3f1d81f3015d0249b2400ada1 .av-special-heading-tag .heading-char{\nfont-size:25px;\n}\n.av-special-heading.av-k7akrjmk-429543e3f1d81f3015d0249b2400ada1 .av-subheading{\nfont-size:15px;\n}\n<\/style>\n<div  class='av-special-heading av-k7akrjmk-429543e3f1d81f3015d0249b2400ada1 av-special-heading-h1 blockquote modern-quote  avia-builder-el-2  el_before_av_hr  avia-builder-el-first '><h1 class='av-special-heading-tag'  itemprop=\"headline\"  >Imprint<\/h1><div class=\"special-heading-border\"><div class=\"special-heading-inner-border\"><\/div><\/div><\/div><br \/>\n\n<style type=\"text\/css\" data-created_by=\"avia_inline_auto\" id=\"style-css-av-k7akrqto-5ca03d20b385274c2e5a1a6dd3beba85\">\n#top .hr.hr-invisible.av-k7akrqto-5ca03d20b385274c2e5a1a6dd3beba85{\nheight:20px;\n}\n<\/style>\n<div  class='hr av-k7akrqto-5ca03d20b385274c2e5a1a6dd3beba85 hr-invisible  avia-builder-el-3  el_after_av_heading  el_before_av_textblock '><span class='hr-inner '><span class=\"hr-inner-style\"><\/span><\/span><\/div><br \/>\n<section  class='av_textblock_section av-k7akr9u1-b92bb7d479c6a6fcddf996d0f3555f2c '   itemscope=\"itemscope\" itemtype=\"https:\/\/schema.org\/CreativeWork\" ><div class='avia_textblock'  itemprop=\"text\" ><h2>Information pursuant to Sect. 5 German Telemedia Act (TMG)<\/h2>\n<p>Rechtsanwalt Prof. Dr. Dieter Leuering<br \/>\nFriedrich-Ebert-Allee 13<br \/>\n53113 Bonn<\/p>\n<h2>Contact<\/h2>\n<p>Phone: +49-228-95940<br \/>\nE-mail: dieter.leuering@fgs.de<\/p>\n<h2>Job title and professional regulations<\/h2>\n<p>Job title: Rechtsanwalt<br \/>\nCompetent chamber: folgt<br \/>\nAuthorisation granted by: folgt<br \/>\nThe following professional regulations apply: folgt<br \/>\nRegulations available at: <a href=\"http:\/\/\" target=\"_blank\" rel=\"noopener noreferrer\">http:\/\/<\/a><\/p>\n<h2>Information regarding professional liability insurance<\/h2>\n<p><strong>Name and registered office of the insurer:<\/strong><br \/>\nAllianz Versicherungs AG<br \/>\n10900 Berlin (als f\u00fchrender Versicherer)<\/p>\n<p><strong>Scope of insurance:<\/strong><br \/>\nR\u00e4umlicher Geltungsbereich: Deutschland, europ\u00e4isches Ausland (versichert sind Haftpflichtanspr\u00fcche aus T\u00e4tigkeiten im Zusammenhang mit der Beratung und Besch\u00e4ftigung mit europ\u00e4ischem Recht sowie aus T\u00e4tigkeiten der Rechtsanw\u00e4lte vor europ\u00e4ischen Gerichten) sowie weltweit in H\u00f6he der gesetzlich vorgeschriebenen Mindestversicherungssumme f\u00fcr Haftpflichtanspr\u00fcche aus der Inanspruchnahme vor au\u00dfereurop\u00e4ischen Gerichten<\/p>\n<h2>EU dispute resolution<\/h2>\n<p>The European Commission provides a platform for online dispute resolution (ODR): <a href=\"https:\/\/ec.europa.eu\/consumers\/odr\" target=\"_blank\" rel=\"noopener noreferrer\">https:\/\/ec.europa.eu\/consumers\/odr<\/a>.<br \/>\nOur e-mail address can be found above in the site notice.<\/p>\n<h2>Dispute resolution proceedings in front of a consumer arbitration board<\/h2>\n<p>We participate in a dispute settlement procedure before a consumer arbitration board. The competent consumer arbitration board is Zentrum f\u00fcr Schlichtung e.V., Stra\u00dfburger Stra\u00dfe 8, 77694 Kehl am Rhein (<a href=\"https:\/\/www.verbraucher-schlichter.de\" target=\"_blank\" rel=\"noopener noreferrer\">https:\/\/www.verbraucher-schlichter.de<\/a>).<\/p>\n<h3>Liability for Contents<\/h3>\n<p>As service providers, we are liable for own contents of these websites according to Paragraph 7, Sect. 1 German Telemedia Act (TMG). However, according to Paragraphs 8 to 10 German Telemedia Act (TMG), service providers are not obligated to permanently monitor submitted or stored information or to search for evidences that indicate illegal activities.<\/p>\n<p>Legal obligations to removing information or to blocking the use of information remain unchallenged. In this case, liability is only possible at the time of knowledge about a specific violation of law. Illegal contents will be removed immediately at the time we get knowledge of them.<\/p>\n<h3>Liability for Links<\/h3>\n<p>Our offer includes links to external third party websites. We have no influence on the contents of those websites, therefore we cannot guarantee for those contents. Providers or administrators of linked websites are always responsible for their own contents.<\/p>\n<p>The linked websites had been checked for possible violations of law at the time of the establishment of the link. Illegal contents were not detected at the time of the linking. A permanent monitoring of the contents of linked websites cannot be imposed without reasonable indications that there has been a violation of law. Illegal links will be removed immediately at the time we get knowledge of them.<\/p>\n<h3>Copyright<\/h3>\n<p>Contents and compilations published on these websites by the providers are subject to German copyright laws. Reproduction, editing, distribution as well as the use of any kind outside the scope of the copyright law require a written permission of the author or originator. Downloads and copies of these websites are permitted for private use only.<br \/>\nThe commercial use of our contents without permission of the originator is prohibited.<\/p>\n<p>Copyright laws of third parties are respected as long as the contents on these websites do not originate from the provider. Contributions of third parties on this site are indicated as such. However, if you notice any violations of copyright law, please inform us. Such contents will be removed immediately.<\/p>\n<\/div><\/section><\/p><\/div>\n","protected":false},"excerpt":{"rendered":"","protected":false},"author":1,"featured_media":0,"parent":0,"menu_order":0,"comment_status":"closed","ping_status":"closed","template":"","meta":{"_seopress_robots_primary_cat":"","_seopress_titles_title":"","_seopress_titles_desc":"","_seopress_robots_index":"yes","footnotes":""},"_links":{"self":[{"href":"https:\/\/www.leuering.de\/en\/wp-json\/wp\/v2\/pages\/217"}],"collection":[{"href":"https:\/\/www.leuering.de\/en\/wp-json\/wp\/v2\/pages"}],"about":[{"href":"https:\/\/www.leuering.de\/en\/wp-json\/wp\/v2\/types\/page"}],"author":[{"embeddable":true,"href":"https:\/\/www.leuering.de\/en\/wp-json\/wp\/v2\/users\/1"}],"replies":[{"embeddable":true,"href":"https:\/\/www.leuering.de\/en\/wp-json\/wp\/v2\/comments?post=217"}],"version-history":[{"count":1,"href":"https:\/\/www.leuering.de\/en\/wp-json\/wp\/v2\/pages\/217\/revisions"}],"predecessor-version":[{"id":446,"href":"https:\/\/www.leuering.de\/en\/wp-json\/wp\/v2\/pages\/217\/revisions\/446"}],"wp:attachment":[{"href":"https:\/\/www.leuering.de\/en\/wp-json\/wp\/v2\/media?parent=217"}],"curies":[{"name":"wp","href":"https:\/\/api.w.org\/{rel}","templated":true}]}}